{"id":1000076,"date":"2026-04-20T21:29:37","date_gmt":"2026-04-20T18:29:37","guid":{"rendered":"https:\/\/tasarimkolay.com\/index.php\/product\/kisisellestirilmis-neon-tabela\/"},"modified":"2026-04-20T21:29:37","modified_gmt":"2026-04-20T18:29:37","slug":"kisisellestirilmis-neon-tabela","status":"publish","type":"product","link":"https:\/\/tasarimkolay.com\/index.php\/product\/kisisellestirilmis-neon-tabela\/","title":{"rendered":"Ki\u015fiselle\u015ftirilmi\u015f Neon Tabela"},"content":{"rendered":"","protected":false},"excerpt":{"rendered":"","protected":false},"featured_media":0,"comment_status":"open","ping_status":"closed","template":"","meta":[],"product_brand":[],"product_cat":[],"product_tag":[],"class_list":{"0":"post-1000076","1":"product","2":"type-product","3":"status-publish","6":"first","7":"instock","8":"taxable","9":"shipping-taxable","10":"product-type-neon_sign"},"_links":{"self":[{"href":"https:\/\/tasarimkolay.com\/index.php\/wp-json\/wp\/v2\/product\/1000076","targetHints":{"allow":["GET"]}}],"collection":[{"href":"https:\/\/tasarimkolay.com\/index.php\/wp-json\/wp\/v2\/product"}],"about":[{"href":"https:\/\/tasarimkolay.com\/index.php\/wp-json\/wp\/v2\/types\/product"}],"replies":[{"embeddable":true,"href":"https:\/\/tasarimkolay.com\/index.php\/wp-json\/wp\/v2\/comments?post=1000076"}],"wp:attachment":[{"href":"https:\/\/tasarimkolay.com\/index.php\/wp-json\/wp\/v2\/media?parent=1000076"}],"wp:term":[{"taxonomy":"product_brand","embeddable":true,"href":"https:\/\/tasarimkolay.com\/index.php\/wp-json\/wp\/v2\/product_brand?post=1000076"},{"taxonomy":"product_cat","embeddable":true,"href":"https:\/\/tasarimkolay.com\/index.php\/wp-json\/wp\/v2\/product_cat?post=1000076"},{"taxonomy":"product_tag","embeddable":true,"href":"https:\/\/tasarimkolay.com\/index.php\/wp-json\/wp\/v2\/product_tag?post=1000076"}],"curies":[{"name":"wp","href":"https:\/\/api.w.org\/{rel}","templated":true}]}}